{"id":1420,"date":"2018-08-20T22:20:43","date_gmt":"2018-08-20T22:20:43","guid":{"rendered":"http:\/\/innodescialtda.com\/wpress\/?page_id=1420"},"modified":"2018-08-23T18:19:20","modified_gmt":"2018-08-23T18:19:20","slug":"gamagrafia-industrial","status":"publish","type":"page","link":"https:\/\/innodescialtda.com\/wpress\/gamagrafia-industrial\/","title":{"rendered":"GAMAGRAFIA INDUSTRIAL"},"content":{"rendered":"<p>Ejecuta inspecciones por el m\u00e9todo de radiograf\u00eda industrial, con Rayos Gamma, en soldaduras, l\u00edneas de conducci\u00f3n, tanques de almacenamiento, fundiciones, etc.<\/p>\n<p>Contamos con examinadores calificados y certificados internacionalmente con Nivel I &#8211; Nivel II \u2013 Nivel III.<br \/>\nDisponemos de Equipos de Gammagraf\u00eda como Equipo Sentinel &#8211; 880. Con certificaci\u00f3n internacional, Contadores Geiger, Gammalarmas, Densit\u00f3metros, Negatoscopios e insumos de alta calidad y confiabilidad.<\/p>\n<div><\/div>\n<p>Esta t\u00e9cnica es la m\u00e1s usada y se utiliza con una fuente de energ\u00eda con pel\u00edcula radiogr\u00e1fica industrial con generaci\u00f3n de radiaci\u00f3n gamma de alto contraste y definici\u00f3n, \u00abIRIDIO -192\u00bb con el rango permitido de espesores por la ASME V, de tal manera de obtener una proyecci\u00f3n de la uni\u00f3n soldada en el film, siendo un registro permanente de la estructural del material de aporte.<\/p>\n<h3>NORMAS APLICADAS EN LA T\u00c9CNICA\u00a0ASME SECCI\u00d3N V<\/h3>\n<ul>\n<li>\u00a0COD. ANSI ASME B31.3 INN-PO-RT-0030214<\/li>\n<li>\u00a0COD. API 1104 INN-PO-RT-0020214<\/li>\n<li>\u00a0COD. API 650 INN-PO-RT-0050214<\/li>\n<li>\u00a0COD. ASME SECC VIII DIV 1 INN-PO-RT-0010214<\/li>\n<li>\u00a0COD. D1.1 STEEL ESTRUCTURAL WELDING CODE INN-PO-RT-0040214<\/li>\n<li>\u00a0COD D1.5 BRIDGE WELDING CODE- INNODES-PO-RT-0160214<\/li>\n<\/ul>\n","protected":false},"excerpt":{"rendered":"<p>Ejecuta inspecciones por el m\u00e9todo de radiograf\u00eda industrial, con Rayos Gamma, en soldaduras, l\u00edneas de conducci\u00f3n, tanques de almacenamiento, fundiciones, etc. Contamos con examinadores calificados y certificados internacionalmente con Nivel &#8230;<\/p>\n","protected":false},"author":1,"featured_media":0,"parent":0,"menu_order":0,"comment_status":"closed","ping_status":"closed","template":"","meta":{"footnotes":""},"class_list":["post-1420","page","type-page","status-publish","hentry"],"_links":{"self":[{"href":"https:\/\/innodescialtda.com\/wpress\/wp-json\/wp\/v2\/pages\/1420","targetHints":{"allow":["GET"]}}],"collection":[{"href":"https:\/\/innodescialtda.com\/wpress\/wp-json\/wp\/v2\/pages"}],"about":[{"href":"https:\/\/innodescialtda.com\/wpress\/wp-json\/wp\/v2\/types\/page"}],"author":[{"embeddable":true,"href":"https:\/\/innodescialtda.com\/wpress\/wp-json\/wp\/v2\/users\/1"}],"replies":[{"embeddable":true,"href":"https:\/\/innodescialtda.com\/wpress\/wp-json\/wp\/v2\/comments?post=1420"}],"version-history":[{"count":4,"href":"https:\/\/innodescialtda.com\/wpress\/wp-json\/wp\/v2\/pages\/1420\/revisions"}],"predecessor-version":[{"id":1525,"href":"https:\/\/innodescialtda.com\/wpress\/wp-json\/wp\/v2\/pages\/1420\/revisions\/1525"}],"wp:attachment":[{"href":"https:\/\/innodescialtda.com\/wpress\/wp-json\/wp\/v2\/media?parent=1420"}],"curies":[{"name":"wp","href":"https:\/\/api.w.org\/{rel}","templated":true}]}}