{"id":1424,"date":"2018-08-20T22:23:14","date_gmt":"2018-08-20T22:23:14","guid":{"rendered":"http:\/\/innodescialtda.com\/wpress\/?page_id=1424"},"modified":"2018-08-21T15:49:50","modified_gmt":"2018-08-21T15:49:50","slug":"particulas-magneticas","status":"publish","type":"page","link":"https:\/\/innodescialtda.com\/wpress\/particulas-magneticas\/","title":{"rendered":"PARTICULAS MAGNETICAS"},"content":{"rendered":"<p>Ejecuta inspecciones por el m\u00e9todo de part\u00edculas magn\u00e9ticas, secas o h\u00famedas, visibles o fluorescentes, en todo tipo de material ferromagn\u00e9tico como cordones de soldaduras, zonas t\u00e9rmicamente afectadas l\u00edneas de conducci\u00f3n, tanques de almacenamiento, fundiciones.<\/p>\n<p>Contamos con equipos detectores de fallas tipo Yoke Parker AC y DC, Bobinas Magnaflux, Luz Ultravioleta, Indicadores de Campo Magn\u00e9tico residual, Pie gauge, tubo de decantaci\u00f3n, part\u00edculas visibles rojas, part\u00edculas fluorescentes lavables con agua y post-emulsificables magnafluz, e insumos de alta calidad y confiabilidad<\/p>\n","protected":false},"excerpt":{"rendered":"<p>Ejecuta inspecciones por el m\u00e9todo de part\u00edculas magn\u00e9ticas, secas o h\u00famedas, visibles o fluorescentes, en todo tipo de material ferromagn\u00e9tico como cordones de soldaduras, zonas t\u00e9rmicamente afectadas l\u00edneas de conducci\u00f3n, &#8230;<\/p>\n","protected":false},"author":1,"featured_media":0,"parent":0,"menu_order":0,"comment_status":"closed","ping_status":"closed","template":"","meta":{"footnotes":""},"class_list":["post-1424","page","type-page","status-publish","hentry"],"_links":{"self":[{"href":"https:\/\/innodescialtda.com\/wpress\/wp-json\/wp\/v2\/pages\/1424","targetHints":{"allow":["GET"]}}],"collection":[{"href":"https:\/\/innodescialtda.com\/wpress\/wp-json\/wp\/v2\/pages"}],"about":[{"href":"https:\/\/innodescialtda.com\/wpress\/wp-json\/wp\/v2\/types\/page"}],"author":[{"embeddable":true,"href":"https:\/\/innodescialtda.com\/wpress\/wp-json\/wp\/v2\/users\/1"}],"replies":[{"embeddable":true,"href":"https:\/\/innodescialtda.com\/wpress\/wp-json\/wp\/v2\/comments?post=1424"}],"version-history":[{"count":2,"href":"https:\/\/innodescialtda.com\/wpress\/wp-json\/wp\/v2\/pages\/1424\/revisions"}],"predecessor-version":[{"id":1501,"href":"https:\/\/innodescialtda.com\/wpress\/wp-json\/wp\/v2\/pages\/1424\/revisions\/1501"}],"wp:attachment":[{"href":"https:\/\/innodescialtda.com\/wpress\/wp-json\/wp\/v2\/media?parent=1424"}],"curies":[{"name":"wp","href":"https:\/\/api.w.org\/{rel}","templated":true}]}}