{"id":1430,"date":"2018-08-20T22:26:23","date_gmt":"2018-08-20T22:26:23","guid":{"rendered":"http:\/\/innodescialtda.com\/wpress\/?page_id=1430"},"modified":"2018-08-23T20:14:32","modified_gmt":"2018-08-23T20:14:32","slug":"ultrasonido-digital","status":"publish","type":"page","link":"https:\/\/innodescialtda.com\/wpress\/ultrasonido-digital\/","title":{"rendered":"ULTRASONIDO DIGITAL"},"content":{"rendered":"<p>Ejecuta inspecciones por el m\u00e9todo de ultrasonido industrial y sus diferentes directrices, con transductores de haz longitudinal y transversal, en soldaduras, l\u00edneas de conducci\u00f3n, tanques de almacenamiento, fundiciones, hacemos el an\u00e1lisis de integridad mec\u00e1nica, mantenimiento preventivo y predictivo, para el control de corrosi\u00f3n y defectos producidos por deterioro de operaciones aplicando a todas las industrias.<\/p>\n<div><\/div>\n<h3>GARANTIAS T\u00c9CNICAS.<\/h3>\n<p>La t\u00e9cnica de ultrasonido se lo utiliza para Medici\u00f3n de espesores, defectolog\u00eca, arreglo de fases, mapeo de corrosi\u00f3n utilizada en las diferentes industrias.<\/p>\n<p>INNODES como empresa se preocupa en brindar un servicio de alta calidad y credibilidad, confiabilidad, profesionalismo y manteniendo constantemente en capacitaci\u00f3n al personal en las t\u00e9cnicas correspondientes para realizar los procesos con las mejor eficacia posible, y altos standard de calidad, cumpliendo las exigencias de los c\u00f3digos aplicables.<\/p>\n","protected":false},"excerpt":{"rendered":"<p>Ejecuta inspecciones por el m\u00e9todo de ultrasonido industrial y sus diferentes directrices, con transductores de haz longitudinal y transversal, en soldaduras, l\u00edneas de conducci\u00f3n, tanques de almacenamiento, fundiciones, hacemos el &#8230;<\/p>\n","protected":false},"author":1,"featured_media":0,"parent":0,"menu_order":0,"comment_status":"closed","ping_status":"closed","template":"","meta":{"footnotes":""},"class_list":["post-1430","page","type-page","status-publish","hentry"],"_links":{"self":[{"href":"https:\/\/innodescialtda.com\/wpress\/wp-json\/wp\/v2\/pages\/1430","targetHints":{"allow":["GET"]}}],"collection":[{"href":"https:\/\/innodescialtda.com\/wpress\/wp-json\/wp\/v2\/pages"}],"about":[{"href":"https:\/\/innodescialtda.com\/wpress\/wp-json\/wp\/v2\/types\/page"}],"author":[{"embeddable":true,"href":"https:\/\/innodescialtda.com\/wpress\/wp-json\/wp\/v2\/users\/1"}],"replies":[{"embeddable":true,"href":"https:\/\/innodescialtda.com\/wpress\/wp-json\/wp\/v2\/comments?post=1430"}],"version-history":[{"count":4,"href":"https:\/\/innodescialtda.com\/wpress\/wp-json\/wp\/v2\/pages\/1430\/revisions"}],"predecessor-version":[{"id":1530,"href":"https:\/\/innodescialtda.com\/wpress\/wp-json\/wp\/v2\/pages\/1430\/revisions\/1530"}],"wp:attachment":[{"href":"https:\/\/innodescialtda.com\/wpress\/wp-json\/wp\/v2\/media?parent=1430"}],"curies":[{"name":"wp","href":"https:\/\/api.w.org\/{rel}","templated":true}]}}