{"id":1505,"date":"2018-08-21T16:25:36","date_gmt":"2018-08-21T16:25:36","guid":{"rendered":"http:\/\/innodescialtda.com\/wpress\/?page_id=1505"},"modified":"2018-08-30T21:32:41","modified_gmt":"2018-08-30T21:32:41","slug":"inspeccion-visual","status":"publish","type":"page","link":"https:\/\/innodescialtda.com\/wpress\/inspeccion-visual\/","title":{"rendered":"INSPECCION VISUAL"},"content":{"rendered":"<p>Ejecuta inspecciones por el m\u00e9todo de inspecci\u00f3n visual, a fin de descubrir tempranamente cualquier tipo de defectolog\u00eda en todo tipo de material sea met\u00e1lico o no met\u00e1lico.<br \/>\nLa t\u00e9cnica requerida por todos los c\u00f3digos, normas y especificaciones que determina la sanidad de las uniones soldadas.<\/p>\n<p>Contamos con equipos y materiales espec\u00edficos para este tipo de inspecci\u00f3n, Malet\u00edn AWS, magnificadores, l\u00e1mparas, gages, calibradores, etc.<\/p>\n<div><\/div>\n","protected":false},"excerpt":{"rendered":"<p>Ejecuta inspecciones por el m\u00e9todo de inspecci\u00f3n visual, a fin de descubrir tempranamente cualquier tipo de defectolog\u00eda en todo tipo de material sea met\u00e1lico o no met\u00e1lico. La t\u00e9cnica requerida &#8230;<\/p>\n","protected":false},"author":1,"featured_media":0,"parent":0,"menu_order":0,"comment_status":"closed","ping_status":"closed","template":"","meta":{"footnotes":""},"class_list":["post-1505","page","type-page","status-publish","hentry"],"_links":{"self":[{"href":"https:\/\/innodescialtda.com\/wpress\/wp-json\/wp\/v2\/pages\/1505","targetHints":{"allow":["GET"]}}],"collection":[{"href":"https:\/\/innodescialtda.com\/wpress\/wp-json\/wp\/v2\/pages"}],"about":[{"href":"https:\/\/innodescialtda.com\/wpress\/wp-json\/wp\/v2\/types\/page"}],"author":[{"embeddable":true,"href":"https:\/\/innodescialtda.com\/wpress\/wp-json\/wp\/v2\/users\/1"}],"replies":[{"embeddable":true,"href":"https:\/\/innodescialtda.com\/wpress\/wp-json\/wp\/v2\/comments?post=1505"}],"version-history":[{"count":8,"href":"https:\/\/innodescialtda.com\/wpress\/wp-json\/wp\/v2\/pages\/1505\/revisions"}],"predecessor-version":[{"id":1580,"href":"https:\/\/innodescialtda.com\/wpress\/wp-json\/wp\/v2\/pages\/1505\/revisions\/1580"}],"wp:attachment":[{"href":"https:\/\/innodescialtda.com\/wpress\/wp-json\/wp\/v2\/media?parent=1505"}],"curies":[{"name":"wp","href":"https:\/\/api.w.org\/{rel}","templated":true}]}}