{"id":1543,"date":"2018-08-30T17:58:30","date_gmt":"2018-08-30T17:58:30","guid":{"rendered":"http:\/\/innodescialtda.com\/wpress\/?page_id=1543"},"modified":"2018-08-30T20:44:17","modified_gmt":"2018-08-30T20:44:17","slug":"liquidos-penetrantes","status":"publish","type":"page","link":"https:\/\/innodescialtda.com\/wpress\/liquidos-penetrantes\/","title":{"rendered":"LIQUIDOS PENETRANTES"},"content":{"rendered":"<p><strong>T\u00c9CNICA DE INSPECCI\u00d3N<\/strong><br \/>\n<strong>L\u00cdQUIDOS PENETRANTES.<\/strong><\/p>\n<p>INNODES CIA. LTDA., ejecuta inspecciones por el m\u00e9todo de l\u00edquidos penetrantes, visibles o fluorescentes, en todo tipo de material sea met\u00e1lico y no met\u00e1lico, para la detecci\u00f3n de defectolog\u00eda superficial.<\/p>\n<p>&nbsp;<\/p>\n<div><\/div>\n<p>&nbsp;<\/p>\n<p>Las principales ventajas de la t\u00e9cnica de inspecci\u00f3n por l\u00edquidos penetrantes son aplicables en las inspecciones de piezas de forma compleja, la inspecci\u00f3n puede realizarse en una variedad de materiales.<\/p>\n","protected":false},"excerpt":{"rendered":"<p>T\u00c9CNICA DE INSPECCI\u00d3N L\u00cdQUIDOS PENETRANTES. INNODES CIA. LTDA., ejecuta inspecciones por el m\u00e9todo de l\u00edquidos penetrantes, visibles o fluorescentes, en todo tipo de material sea met\u00e1lico y no met\u00e1lico, para &#8230;<\/p>\n","protected":false},"author":1,"featured_media":0,"parent":0,"menu_order":0,"comment_status":"closed","ping_status":"closed","template":"","meta":{"footnotes":""},"class_list":["post-1543","page","type-page","status-publish","hentry"],"_links":{"self":[{"href":"https:\/\/innodescialtda.com\/wpress\/wp-json\/wp\/v2\/pages\/1543","targetHints":{"allow":["GET"]}}],"collection":[{"href":"https:\/\/innodescialtda.com\/wpress\/wp-json\/wp\/v2\/pages"}],"about":[{"href":"https:\/\/innodescialtda.com\/wpress\/wp-json\/wp\/v2\/types\/page"}],"author":[{"embeddable":true,"href":"https:\/\/innodescialtda.com\/wpress\/wp-json\/wp\/v2\/users\/1"}],"replies":[{"embeddable":true,"href":"https:\/\/innodescialtda.com\/wpress\/wp-json\/wp\/v2\/comments?post=1543"}],"version-history":[{"count":4,"href":"https:\/\/innodescialtda.com\/wpress\/wp-json\/wp\/v2\/pages\/1543\/revisions"}],"predecessor-version":[{"id":1577,"href":"https:\/\/innodescialtda.com\/wpress\/wp-json\/wp\/v2\/pages\/1543\/revisions\/1577"}],"wp:attachment":[{"href":"https:\/\/innodescialtda.com\/wpress\/wp-json\/wp\/v2\/media?parent=1543"}],"curies":[{"name":"wp","href":"https:\/\/api.w.org\/{rel}","templated":true}]}}